{"id":100,"date":"2017-03-13T15:55:09","date_gmt":"2017-03-13T14:55:09","guid":{"rendered":"http:\/\/localhost\/nox-premium\/?page_id=100"},"modified":"2025-04-08T16:01:11","modified_gmt":"2025-04-08T14:01:11","slug":"contact-2","status":"publish","type":"page","link":"https:\/\/nox-premium.com\/en\/contact-2\/","title":{"rendered":"Contact"},"content":{"rendered":"\t\t<div data-elementor-type=\"post\" data-elementor-id=\"100\" class=\"elementor elementor-100\" data-elementor-settings=\"[]\">\n\t\t\t<div class=\"elementor-inner\">\n\t\t\t\t<div class=\"elementor-section-wrap\">\n\t\t\t\t\t\t\t<section data-id=\"qewkfmk\" class=\"elementor-element elementor-element-qewkfmk elementor-section-stretched elementor-section-boxed elementor-section-height-default elementor-section-height-default elementor-section elementor-top-section\" data-settings=\"{&quot;stretch_section&quot;:&quot;section-stretched&quot;}\" data-element_type=\"section\">\n\t\t\t\t\t\t<div class=\"elementor-container elementor-column-gap-default\">\n\t\t\t\t<div class=\"elementor-row\">\n\t\t\t\t<div data-id=\"hmeqlym\" class=\"elementor-element elementor-element-hmeqlym elementor-column elementor-col-100 elementor-top-column\" data-element_type=\"column\">\n\t\t\t<div class=\"elementor-column-wrap  elementor-element-populated\">\n\t\t\t\t\t<div class=\"elementor-widget-wrap\">\n\t\t\t\t<div data-id=\"9160d55\" class=\"elementor-element elementor-element-9160d55 elementor-widget elementor-widget-heading\" data-element_type=\"heading.default\">\n\t\t\t\t<div class=\"elementor-widget-container\">\n\t\t\t<h2 class=\"elementor-heading-title elementor-size-default\"><p style=\"text-align: center;\"> Contacter NOX PREMIUM<span style=\"color: rgb(8, 8, 51);\"><\/span><\/p><\/h2>\t\t<\/div>\n\t\t\t\t<\/div>\n\t\t\t\t<div data-id=\"m6cyz10\" class=\"elementor-element elementor-element-m6cyz10 elementor-widget elementor-widget-image\" data-element_type=\"image.default\">\n\t\t\t\t<div class=\"elementor-widget-container\">\n\t\t\t\t\t<div class=\"elementor-image\">\n\t\t\t\t\t\t\t\t\t\t<img loading=\"lazy\" decoding=\"async\" width=\"640\" height=\"427\" src=\"https:\/\/nox-premium.com\/wp-content\/uploads\/2024\/02\/RHA05746-1024x683.jpg\" class=\"attachment-large size-large\" alt=\"\" srcset=\"https:\/\/nox-premium.com\/wp-content\/uploads\/2024\/02\/RHA05746-1024x683.jpg 1024w, https:\/\/nox-premium.com\/wp-content\/uploads\/2024\/02\/RHA05746-300x200.jpg 300w, https:\/\/nox-premium.com\/wp-content\/uploads\/2024\/02\/RHA05746-768x512.jpg 768w, https:\/\/nox-premium.com\/wp-content\/uploads\/2024\/02\/RHA05746-600x400.jpg 600w, https:\/\/nox-premium.com\/wp-content\/uploads\/2024\/02\/RHA05746-e1707752040382.jpg 1300w\" sizes=\"auto, (max-width: 640px) 100vw, 640px\" \/>\t\t\t\t\t\t\t\t\t\t\t<\/div>\n\t\t\t\t<\/div>\n\t\t\t\t<\/div>\n\t\t\t\t<div data-id=\"ygavoko\" class=\"elementor-element elementor-element-ygavoko elementor-widget elementor-widget-text-editor\" data-element_type=\"text-editor.default\">\n\t\t\t\t<div class=\"elementor-widget-container\">\n\t\t\t\t\t<div class=\"elementor-text-editor elementor-clearfix\"><p style=\"text-align: center;\"><span style=\"color: #333333;\">Vous souhaitez distribuer nos casques ou passer commande ?<\/span><\/p><p style=\"text-align: center;\"><span style=\"color: #333333;\">Vous avez besoin d&#8217;un conseil ou de visuels presse ?\u00a0<\/span><span style=\"color: #333333;\">Vous recherchez un distributeur ?<\/span><\/p><p style=\"text-align: center;\"><span style=\"color: #333333;\">Nous r\u00e9pondons \u00e0 toutes vos questions !<\/span><\/p><p style=\"text-align: center;\"><span style=\"color: #333333;\">T\u00e9l : <b>+33(0)4 73 92 18 72<\/b><\/span><\/p><p style=\"text-align: center;\"><span style=\"color: #333333;\">Mail : <b>contact@nox-helmet.com<\/b><\/span><\/p><\/div>\n\t\t\t\t<\/div>\n\t\t\t\t<\/div>\n\t\t\t\t\t\t<\/div>\n\t\t\t<\/div>\n\t\t<\/div>\n\t\t\t\t\t\t<\/div>\n\t\t\t<\/div>\n\t\t<\/section>\n\t\t\t\t\t\t<\/div>\n\t\t\t<\/div>\n\t\t<\/div>\n\t\t","protected":false},"excerpt":{"rendered":"<p>Contacter NOX PREMIUM Vous souhaitez distribuer nos casques ou passer commande ? Vous avez besoin d&#8217;un conseil ou de visuels presse ?\u00a0Vous recherchez un distributeur ? Nous r\u00e9pondons \u00e0 toutes vos questions ! T\u00e9l : +33(0)4 73 92 18 72 Mail : contact@nox-helmet.com<\/p>\n","protected":false},"author":1,"featured_media":0,"parent":0,"menu_order":0,"comment_status":"closed","ping_status":"closed","template":"","meta":{"_acf_changed":false,"footnotes":""},"class_list":["post-100","page","type-page","status-publish","hentry"],"acf":[],"_links":{"self":[{"href":"https:\/\/nox-premium.com\/en\/wp-json\/wp\/v2\/pages\/100","targetHints":{"allow":["GET"]}}],"collection":[{"href":"https:\/\/nox-premium.com\/en\/wp-json\/wp\/v2\/pages"}],"about":[{"href":"https:\/\/nox-premium.com\/en\/wp-json\/wp\/v2\/types\/page"}],"author":[{"embeddable":true,"href":"https:\/\/nox-premium.com\/en\/wp-json\/wp\/v2\/users\/1"}],"replies":[{"embeddable":true,"href":"https:\/\/nox-premium.com\/en\/wp-json\/wp\/v2\/comments?post=100"}],"version-history":[{"count":34,"href":"https:\/\/nox-premium.com\/en\/wp-json\/wp\/v2\/pages\/100\/revisions"}],"predecessor-version":[{"id":1751,"href":"https:\/\/nox-premium.com\/en\/wp-json\/wp\/v2\/pages\/100\/revisions\/1751"}],"wp:attachment":[{"href":"https:\/\/nox-premium.com\/en\/wp-json\/wp\/v2\/media?parent=100"}],"curies":[{"name":"wp","href":"https:\/\/api.w.org\/{rel}","templated":true}]}}